{"id":154,"date":"2014-06-29T13:07:45","date_gmt":"2014-06-29T13:07:45","guid":{"rendered":"http:\/\/demo.themegrill.com\/accelerate\/?page_id=154"},"modified":"2021-11-08T15:18:55","modified_gmt":"2021-11-08T14:18:55","slug":"contact","status":"publish","type":"page","link":"https:\/\/www.marssociety.cz\/?page_id=154","title":{"rendered":"Kontakt"},"content":{"rendered":"<p>Pokud chcete kontaktovat Mars Society v Opav\u011b, p\u0159ij\u010fte na nejbli\u017e\u0161\u00ed <a href=\"https:\/\/www.marssociety.cz\/?page_id=387\">sch\u016fzku,<\/a>\u00a0p\u0159\u00edpadn\u011b m\u016f\u017eete poslat <a href=\"mailto:marssociety@math.slu.cz\">email.<\/a><\/p>\n","protected":false},"excerpt":{"rendered":"<p>Pokud chcete kontaktovat Mars Society v Opav\u011b, p\u0159ij\u010fte na nejbli\u017e\u0161\u00ed sch\u016fzku,\u00a0p\u0159\u00edpadn\u011b m\u016f\u017eete poslat email.<\/p>\n","protected":false},"author":2,"featured_media":0,"parent":0,"menu_order":0,"comment_status":"closed","ping_status":"closed","template":"page-templates\/contact.php","meta":[],"_links":{"self":[{"href":"https:\/\/www.marssociety.cz\/index.php?rest_route=\/wp\/v2\/pages\/154"}],"collection":[{"href":"https:\/\/www.marssociety.cz\/index.php?rest_route=\/wp\/v2\/pages"}],"about":[{"href":"https:\/\/www.marssociety.cz\/index.php?rest_route=\/wp\/v2\/types\/page"}],"author":[{"embeddable":true,"href":"https:\/\/www.marssociety.cz\/index.php?rest_route=\/wp\/v2\/users\/2"}],"replies":[{"embeddable":true,"href":"https:\/\/www.marssociety.cz\/index.php?rest_route=%2Fwp%2Fv2%2Fcomments&post=154"}],"version-history":[{"count":2,"href":"https:\/\/www.marssociety.cz\/index.php?rest_route=\/wp\/v2\/pages\/154\/revisions"}],"predecessor-version":[{"id":422,"href":"https:\/\/www.marssociety.cz\/index.php?rest_route=\/wp\/v2\/pages\/154\/revisions\/422"}],"wp:attachment":[{"href":"https:\/\/www.marssociety.cz\/index.php?rest_route=%2Fwp%2Fv2%2Fmedia&parent=154"}],"curies":[{"name":"wp","href":"https:\/\/api.w.org\/{rel}","templated":true}]}}