{"id":2,"date":"2021-10-20T16:01:29","date_gmt":"2021-10-20T14:01:29","guid":{"rendered":"http:\/\/marssociety.cz\/?page_id=2"},"modified":"2023-04-11T23:17:23","modified_gmt":"2023-04-11T21:17:23","slug":"zkusebni-stranka","status":"publish","type":"page","link":"https:\/\/www.marssociety.cz\/?page_id=2","title":{"rendered":"Zaj\u00edmav\u00e9 \u010dl\u00e1nky"},"content":{"rendered":"\n<p>Na t\u00e9to str\u00e1nce najdete odkazy na zaj\u00edmav\u00e9 \u010dl\u00e1nky tykaj\u00edc\u00ed se v\u00fdzkumu kosmu:<\/p>\n\n\n\n<p><strong>V\u0161eobecn\u00e9 informa\u010dn\u00ed severy<\/strong><\/p>\n\n\n\n<ul><li>D\u011bn\u00ed kolem Space X je v \u010de\u0161tin\u011b shroma\u017e\u010fov\u00e1n na <a href=\"http:\/\/www.elonx.cz\">http:\/\/www.elonx.cz<\/a>. <\/li><li>O aktu\u00e1ln\u00ed kosmonautice se do\u010dtete na <a href=\"http:\/\/www.kosmonautix.cz\/\">http:\/\/www.kosmonautix.cz<\/a>.  <\/li><li>Server s velice zaj\u00edmav\u00fdmi \u010dl\u00e1nky nejen o Marsu <a href=\"https:\/\/www.rudaplaneta.cz\">https:\/\/www.rudaplaneta.cz<\/a>.<\/li><\/ul>\n\n\n\n<p><strong>Videa<\/strong> <\/p>\n\n\n\n<ul><li>Prvn\u00ed ve\u0159ejn\u00e1 prezentace pl\u00e1nu Mars Direct <a href=\"https:\/\/www.youtube.com\/watch?v=vD3U0QcEYXs&amp;t=5053s\">https:\/\/www.youtube.com\/watch?v=vD3U0QcEYXs&amp;t=5053s<\/a>.<\/li><li>Moon direct <a href=\"https:\/\/www.youtube.com\/watch?v=buLzhqgQbpA&amp;t=146s\">https:\/\/www.youtube.com\/watch?v=buLzhqgQbpA&amp;t=146s<\/a>.<\/li><li>Zubrinova p\u0159edn\u00e1\u0161ka pro\u010d os\u00eddlen\u00ed Marsu je nejenom zaj\u00edmav\u00e1 kratochv\u00edle ale nejd\u016fle\u017eit\u011bj\u0161\u00ed \u00fakol t\u00e9to generace <a href=\"https:\/\/www.youtube.com\/watch?v=yeaqWSh491A\">https:\/\/www.youtube.com\/watch?v=yeaqWSh491A<\/a>.<\/li><li>Rocket size comparison <a href=\"https:\/\/www.youtube.com\/watch?v=1DHNp7aEviE\">https:\/\/www.youtube.com\/watch?v=1DHNp7aEviE<\/a>.<\/li><li>Prvn\u00ed start Falcon Heavy <a href=\"https:\/\/www.youtube.com\/watch?v=wbSwFU6tY1c\">https:\/\/www.youtube.com\/watch?v=wbSwFU6tY1c<\/a>.<\/li><li>Debata o planet\u00e1rn\u00ed ochran\u011b <a href=\"https:\/\/www.youtube.com\/watch?v=mlb144mkjuI\">https:\/\/www.youtube.com\/watch?v=mlb144mkjuI<\/a>.<\/li><li>Debata o VASIMRU <a href=\"https:\/\/www.youtube.com\/watch?v=myYs4DCCZts\">https:\/\/www.youtube.com\/watch?v=myYs4DCCZts<\/a>.<\/li><li>Debata o sm\u011b\u0159ov\u00e1n\u00ed NASA <a href=\"https:\/\/www.youtube.com\/watch?v=EK8Zhgy5qXQ&amp;t=2741s\">https:\/\/www.youtube.com\/watch?v=EK8Zhgy5qXQ&amp;t=2741s<\/a>.<\/li><\/ul>\n\n\n\n<p><\/p>\n","protected":false},"excerpt":{"rendered":"<p>Na t\u00e9to str\u00e1nce najdete odkazy na zaj\u00edmav\u00e9 \u010dl\u00e1nky tykaj\u00edc\u00ed se v\u00fdzkumu kosmu: V\u0161eobecn\u00e9 informa\u010dn\u00ed severy D\u011bn\u00ed kolem Space X je v \u010de\u0161tin\u011b shroma\u017e\u010fov\u00e1n na http:\/\/www.elonx.cz. O aktu\u00e1ln\u00ed kosmonautice se do\u010dtete na http:\/\/www.kosmonautix.cz. Server s velice zaj\u00edmav\u00fdmi \u010dl\u00e1nky nejen o Marsu<\/p>\n","protected":false},"author":1,"featured_media":0,"parent":0,"menu_order":0,"comment_status":"closed","ping_status":"open","template":"","meta":[],"_links":{"self":[{"href":"https:\/\/www.marssociety.cz\/index.php?rest_route=\/wp\/v2\/pages\/2"}],"collection":[{"href":"https:\/\/www.marssociety.cz\/index.php?rest_route=\/wp\/v2\/pages"}],"about":[{"href":"https:\/\/www.marssociety.cz\/index.php?rest_route=\/wp\/v2\/types\/page"}],"author":[{"embeddable":true,"href":"https:\/\/www.marssociety.cz\/index.php?rest_route=\/wp\/v2\/users\/1"}],"replies":[{"embeddable":true,"href":"https:\/\/www.marssociety.cz\/index.php?rest_route=%2Fwp%2Fv2%2Fcomments&post=2"}],"version-history":[{"count":11,"href":"https:\/\/www.marssociety.cz\/index.php?rest_route=\/wp\/v2\/pages\/2\/revisions"}],"predecessor-version":[{"id":608,"href":"https:\/\/www.marssociety.cz\/index.php?rest_route=\/wp\/v2\/pages\/2\/revisions\/608"}],"wp:attachment":[{"href":"https:\/\/www.marssociety.cz\/index.php?rest_route=%2Fwp%2Fv2%2Fmedia&parent=2"}],"curies":[{"name":"wp","href":"https:\/\/api.w.org\/{rel}","templated":true}]}}