{"id":297,"date":"2014-04-26T17:04:50","date_gmt":"2014-04-26T17:04:50","guid":{"rendered":"http:\/\/demo.themegrill.com\/accelerate\/?page_id=15"},"modified":"2023-04-11T23:12:58","modified_gmt":"2023-04-11T21:12:58","slug":"blog","status":"publish","type":"page","link":"https:\/\/www.marssociety.cz\/?page_id=297","title":{"rendered":"Blog"},"content":{"rendered":"\n\t\t<div class=\"widget widget_recent_entries\">\n\t\t<h2 class=\"widgettitle\">Nejnov\u011bj\u0161\u00ed p\u0159\u00edsp\u011bvky<\/h2>\n\t\t<ul>\n\t\t\t\t\t\t\t\t\t\t\t<li>\n\t\t\t\t\t<a href=\"https:\/\/www.marssociety.cz\/?p=618\">Terraformujeme Mars #2 \u2013 Oteplen\u00ed a magnetosf\u00e9ra<\/a>\n\t\t\t\t\t\t\t\t\t<\/li>\n\t\t\t\t\t\t\t\t\t\t\t<li>\n\t\t\t\t\t<a href=\"https:\/\/www.marssociety.cz\/?p=602\">Terraformujeme Mars #1 \u2013 Po\u010d\u00e1tek a atmosf\u00e9ra<\/a>\n\t\t\t\t\t\t\t\t\t<\/li>\n\t\t\t\t\t\t\t\t\t\t\t<li>\n\t\t\t\t\t<a href=\"https:\/\/www.marssociety.cz\/?p=397\">Prvn\u00ed sch\u016fze Mars Society v Opav\u011b<\/a>\n\t\t\t\t\t\t\t\t\t<\/li>\n\t\t\t\t\t<\/ul>\n\n\t\t<\/div>","protected":false},"excerpt":{"rendered":"","protected":false},"author":2,"featured_media":0,"parent":0,"menu_order":0,"comment_status":"closed","ping_status":"closed","template":"","meta":[],"_links":{"self":[{"href":"https:\/\/www.marssociety.cz\/index.php?rest_route=\/wp\/v2\/pages\/297"}],"collection":[{"href":"https:\/\/www.marssociety.cz\/index.php?rest_route=\/wp\/v2\/pages"}],"about":[{"href":"https:\/\/www.marssociety.cz\/index.php?rest_route=\/wp\/v2\/types\/page"}],"author":[{"embeddable":true,"href":"https:\/\/www.marssociety.cz\/index.php?rest_route=\/wp\/v2\/users\/2"}],"replies":[{"embeddable":true,"href":"https:\/\/www.marssociety.cz\/index.php?rest_route=%2Fwp%2Fv2%2Fcomments&post=297"}],"version-history":[{"count":1,"href":"https:\/\/www.marssociety.cz\/index.php?rest_route=\/wp\/v2\/pages\/297\/revisions"}],"predecessor-version":[{"id":606,"href":"https:\/\/www.marssociety.cz\/index.php?rest_route=\/wp\/v2\/pages\/297\/revisions\/606"}],"wp:attachment":[{"href":"https:\/\/www.marssociety.cz\/index.php?rest_route=%2Fwp%2Fv2%2Fmedia&parent=297"}],"curies":[{"name":"wp","href":"https:\/\/api.w.org\/{rel}","templated":true}]}}