{"id":439,"date":"2021-11-08T18:05:47","date_gmt":"2021-11-08T17:05:47","guid":{"rendered":"https:\/\/www.marssociety.cz\/?page_id=439"},"modified":"2025-06-04T22:59:02","modified_gmt":"2025-06-04T20:59:02","slug":"o","status":"publish","type":"page","link":"https:\/\/www.marssociety.cz\/?page_id=439","title":{"rendered":"O n\u00e1s"},"content":{"rendered":"<p>Mars Society je skupina nad\u0161enc\u016f ze Slezsk\u00e9 univerzity v Opav\u011b, kte\u0159\u00ed se r\u00e1di a pravideln\u011b zam\u00fd\u0161l\u00ed nad mo\u017enostmi lidsk\u00e9 kolonizace planet a v\u016fbec vesm\u00edrn\u00fdm cestov\u00e1n\u00edm.<\/p>\n<p>Skupina po\u0159\u00e1d\u00e1 ve\u0159ejn\u00e1 setk\u00e1n\u00ed ka\u017ed\u00fd m\u011bs\u00edc. Term\u00edn p\u0159\u00ed\u0161t\u00edho setk\u00e1n\u00ed je uveden na str\u00e1nce&nbsp;<a href=\"https:\/\/www.marssociety.cz\/?page_id=387\">Sch\u016fzky Mars Society<\/a>.<\/p>\n<p>M\u00edsto setk\u00e1n\u00ed: Brain Fitness, Beethovenova 2, Opava.<\/p>\n\n\n<h2>Zakl\u00e1daj\u00edc\u00ed \u010dlenov\u00e9<\/h2>\n\n\n\n<p>RNDr. Petr Blaschke, Ph.D., Matematick\u00fd \u00fastav, Slezsk\u00e1 univerzita v Opav\u011b<\/p>\n\n\n\n<p>Doc. RNDr. Michal M\u00e1lek, Ph.D., Matematick\u00fd \u00fastav, Slezsk\u00e1 univerzita v Opav\u011b<\/p>\n\n\n\n<p>RNDr. Filip Blaschke, Ph.D., Fyzik\u00e1ln\u00ed \u00fastav, Slezsk\u00e1 univerzita v Opav\u011b<\/p>\n\n\n\n<p>Mgr. Karel Ad\u00e1mek, Ph.D., Department of Engineering Science, Oxford University<\/p>\n\n\n\n<h2>\u0158\u00e1dn\u00ed \u010dlenov\u00e9<\/h2>\n\n\n\n<p>RNDr. Martin Blaschke, Ph.D., Fyzik\u00e1ln\u00ed \u00fastav, Slezsk\u00e1 univerzita v Opav\u011b<\/p>\n\n\n\n<p>Mgr. Martin Urbanec, Ph.D., Fyzik\u00e1ln\u00ed \u00fastav, Slezsk\u00e1 univerzita v Opav\u011b<\/p>\n\n\n\n<p>Ji\u0159\u00ed Dobr\u00fd, \u0159editel kan\u00e1lu Dobr\u00e9 v\u011bd\u011bt<\/p>\n\n\n\n<p>Bc. Petr Sz\u0171cs, CEO of Sz\u0171cs Incorporated<\/p>\n\n\n\n<p>RNDr. Adam Hlav\u00e1\u010d, Ph.D., St\u0159edn\u00ed pr\u016fmyslov\u00e1 \u0161kola chemick\u00e1 akademika Heyrovsk\u00e9ho, Ostrava<\/p>\n\n\n\n<p>Ond\u0159ej Nicolas Kapi\u0161ek, student Fyzik\u00e1ln\u00ed \u00fastav, Slezsk\u00e1 univerzita v Opav\u011b<\/p>\n\n\n\n<p>Luk\u00e1\u0161 Rafaj, student Fyzik\u00e1ln\u00ed \u00fastav, Slezsk\u00e1 univerzita v Opav\u011b<\/p>\n\n\n\n<p>Ren\u00e9 \u0160pr\u0148a, student Fyzik\u00e1ln\u00ed \u00fastav, Slezsk\u00e1 univerzita v Opav\u011b<\/p>\n\n\n\n<h2>Extern\u00ed \u010dlenov\u00e9<\/h2>\n\n\n\n<p>RNDr. Vladim\u00edr Wagner CSc., \u00dastavu jadern\u00e9 fyziky AV \u010cR<\/p>\n\n\n\n<p>RNDr. Tom\u00e1\u0161 Petr\u00e1sek Ph.D., P\u0159\u00edrodov\u011bdeck\u00e1 fakulta, Univerzita Karlova, Praha<\/p>\n\n\n\n<p>Du\u0161an Majer, \u0161\u00e9fredaktor port\u00e1lu Kosmonautix.cz<\/p>\n\n\n\n<p>Ond\u0159ej \u0160am\u00e1rek.spisovatel, \u0159editel kan\u00e1lu kan\u00e1lu Time4Space, redaktor Kosmonautix.cz<\/p>\n\n\n\n<p>Eli\u0161ka Svobodov\u00e1, \u00fa\u010dastnice Zero-G letu<\/p>\n\n\n\n<p>Martin Gembec, manager iQlandia Liberec a redaktor Kosmonautix.cz<\/p>\n","protected":false},"excerpt":{"rendered":"<p>Mars Society je skupina nad\u0161enc\u016f ze Slezsk\u00e9 univerzity v Opav\u011b, kte\u0159\u00ed se r\u00e1di a pravideln\u011b zam\u00fd\u0161l\u00ed nad mo\u017enostmi lidsk\u00e9 kolonizace planet a v\u016fbec vesm\u00edrn\u00fdm cestov\u00e1n\u00edm. Skupina po\u0159\u00e1d\u00e1 ve\u0159ejn\u00e1 setk\u00e1n\u00ed ka\u017ed\u00fd m\u011bs\u00edc. Term\u00edn p\u0159\u00ed\u0161t\u00edho setk\u00e1n\u00ed je uveden na str\u00e1nce&nbsp;Sch\u016fzky Mars Society.<\/p>\n","protected":false},"author":2,"featured_media":0,"parent":0,"menu_order":0,"comment_status":"closed","ping_status":"closed","template":"","meta":[],"_links":{"self":[{"href":"https:\/\/www.marssociety.cz\/index.php?rest_route=\/wp\/v2\/pages\/439"}],"collection":[{"href":"https:\/\/www.marssociety.cz\/index.php?rest_route=\/wp\/v2\/pages"}],"about":[{"href":"https:\/\/www.marssociety.cz\/index.php?rest_route=\/wp\/v2\/types\/page"}],"author":[{"embeddable":true,"href":"https:\/\/www.marssociety.cz\/index.php?rest_route=\/wp\/v2\/users\/2"}],"replies":[{"embeddable":true,"href":"https:\/\/www.marssociety.cz\/index.php?rest_route=%2Fwp%2Fv2%2Fcomments&post=439"}],"version-history":[{"count":21,"href":"https:\/\/www.marssociety.cz\/index.php?rest_route=\/wp\/v2\/pages\/439\/revisions"}],"predecessor-version":[{"id":804,"href":"https:\/\/www.marssociety.cz\/index.php?rest_route=\/wp\/v2\/pages\/439\/revisions\/804"}],"wp:attachment":[{"href":"https:\/\/www.marssociety.cz\/index.php?rest_route=%2Fwp%2Fv2%2Fmedia&parent=439"}],"curies":[{"name":"wp","href":"https:\/\/api.w.org\/{rel}","templated":true}]}}