{"id":559,"date":"2023-01-09T12:58:26","date_gmt":"2023-01-09T11:58:26","guid":{"rendered":"https:\/\/www.marssociety.cz\/?page_id=559"},"modified":"2023-01-09T12:58:27","modified_gmt":"2023-01-09T11:58:27","slug":"verejne-schuzky-czech-mars-society-v-roce-2021","status":"publish","type":"page","link":"https:\/\/www.marssociety.cz\/?page_id=559","title":{"rendered":"Ve\u0159ejn\u00e9 sch\u016fzky Czech Mars Society v roce 2021"},"content":{"rendered":"\n<h2>3. Sch\u016fzka<\/h2>\n\n\n\n<p>Se konala 24. listopadu 2021.<\/p>\n\n\n\n<p>Prvn\u00ed p\u0159edn\u00e1\u0161ka \u201e<strong>Von Braun\u016fv Das Mars projekt<\/strong>\u201c p\u0159edn\u00e1\u0161ej\u00edc\u00ed Petr Blaschke.&nbsp;<\/p>\n\n\n\n<p>Druhou p\u0159edn\u00e1\u0161ku \u201e<strong>Z\u00e1klady astrodynamiky<\/strong>\u201c p\u0159edn\u00e1\u0161ej\u00edc\u00ed Michal M\u00e1lek.<\/p>\n\n\n\n<h2>2. Sch\u016fzka&nbsp;<\/h2>\n\n\n\n<p>Se konala 27. \u0159\u00edjna 2021. P\u0159edn\u00e1\u0161ka \u201e<strong>Moon direct<\/strong>.\u201c p\u0159edn\u00e1\u0161ej\u00edc\u00ed: Petr Blaschke.<\/p>\n\n\n\n<h2>1. Sch\u016fzka<\/h2>\n\n\n\n<p>Se konala 29. z\u00e1\u0159\u00ed 2021. P\u0159edn\u00e1\u0161ka \u201e<strong>Mars Direct a dal\u0161\u00ed pl\u00e1ny pro os\u00eddlen\u00ed marsu<\/strong>.\u201c P\u0159edn\u00e1\u0161ej\u00edc\u00ed Petr Blaschke<\/p>\n","protected":false},"excerpt":{"rendered":"<p>3. Sch\u016fzka Se konala 24. listopadu 2021. Prvn\u00ed p\u0159edn\u00e1\u0161ka \u201eVon Braun\u016fv Das Mars projekt\u201c p\u0159edn\u00e1\u0161ej\u00edc\u00ed Petr Blaschke.&nbsp; Druhou p\u0159edn\u00e1\u0161ku \u201eZ\u00e1klady astrodynamiky\u201c p\u0159edn\u00e1\u0161ej\u00edc\u00ed Michal M\u00e1lek. 2. Sch\u016fzka&nbsp; Se konala 27. \u0159\u00edjna 2021. P\u0159edn\u00e1\u0161ka \u201eMoon direct.\u201c p\u0159edn\u00e1\u0161ej\u00edc\u00ed: Petr Blaschke. 1. Sch\u016fzka Se<\/p>\n","protected":false},"author":2,"featured_media":0,"parent":297,"menu_order":0,"comment_status":"closed","ping_status":"closed","template":"","meta":[],"_links":{"self":[{"href":"https:\/\/www.marssociety.cz\/index.php?rest_route=\/wp\/v2\/pages\/559"}],"collection":[{"href":"https:\/\/www.marssociety.cz\/index.php?rest_route=\/wp\/v2\/pages"}],"about":[{"href":"https:\/\/www.marssociety.cz\/index.php?rest_route=\/wp\/v2\/types\/page"}],"author":[{"embeddable":true,"href":"https:\/\/www.marssociety.cz\/index.php?rest_route=\/wp\/v2\/users\/2"}],"replies":[{"embeddable":true,"href":"https:\/\/www.marssociety.cz\/index.php?rest_route=%2Fwp%2Fv2%2Fcomments&post=559"}],"version-history":[{"count":1,"href":"https:\/\/www.marssociety.cz\/index.php?rest_route=\/wp\/v2\/pages\/559\/revisions"}],"predecessor-version":[{"id":560,"href":"https:\/\/www.marssociety.cz\/index.php?rest_route=\/wp\/v2\/pages\/559\/revisions\/560"}],"up":[{"embeddable":true,"href":"https:\/\/www.marssociety.cz\/index.php?rest_route=\/wp\/v2\/pages\/297"}],"wp:attachment":[{"href":"https:\/\/www.marssociety.cz\/index.php?rest_route=%2Fwp%2Fv2%2Fmedia&parent=559"}],"curies":[{"name":"wp","href":"https:\/\/api.w.org\/{rel}","templated":true}]}}