{"id":561,"date":"2023-01-09T13:00:41","date_gmt":"2023-01-09T12:00:41","guid":{"rendered":"https:\/\/www.marssociety.cz\/?page_id=561"},"modified":"2023-01-09T13:00:41","modified_gmt":"2023-01-09T12:00:41","slug":"verejne-schuzky-czech-mars-society-v-roce-2022","status":"publish","type":"page","link":"https:\/\/www.marssociety.cz\/?page_id=561","title":{"rendered":"Ve\u0159ejn\u00e9 sch\u016fzky Czech Mars Society v roce 2022"},"content":{"rendered":"\n<h2>12. sch\u016fzka<\/h2>\n\n\n\n<p>Se konala 30. listopadu 2022<\/p>\n\n\n\n<p>Prvn\u00ed p\u0159edn\u00e1\u0161ka: \u201e<strong>Vzd\u00e1len\u00e1 setk\u00e1n\u00ed nult\u00e9ho druhu<\/strong>\u201c p\u0159edn\u00e1\u0161ej\u00edc\u00ed Filip Blaschke<\/p>\n\n\n\n<p>Hled\u00e1n\u00ed technosignatur uvnit\u0159 i vn\u011b Slune\u010dn\u00ed soustavy. Pr\u016flet objektu \u201aOumuamua 1I\/2017 U1 Slune\u010dn\u00ed soustavou zapo\u010dal novou \u00e9ru astronomie: na stran\u011b t\u00e9 konven\u010dn\u00ed znamenal vykopnut\u00fd m\u00ed\u010d pro pr\u016fzkum mezihv\u011bzdn\u00fdch komet a asteroid\u016f, kter\u00e9 n\u00e1m pomohou zp\u0159esnit modely formov\u00e1n\u00ed planet a hv\u011bzd v na\u0161\u00ed galaxii. Na stran\u011b t\u00e9 m\u00e9n\u011b konven\u010dn\u00ed rozv\u00ed\u0159il debatu o mo\u017en\u00e9 n\u00e1v\u0161t\u011bv\u011b mimozemsk\u00e9 sondy, otev\u0159en\u00ed nov\u00e9ho okna SETI ve form\u011b astro-archeologie, zrodu projektu GALILEO a vyd\u00e1n\u00ed (prozat\u00edm) jednoho New-York Times bestselleru. V t\u00e9to p\u0159edn\u00e1\u0161ce si odleh\u010denou formou p\u0159ipomeneme detaily t\u00e9to historick\u00e9 ud\u00e1losti a nahl\u00e9dneme, jak a pro\u010d chce lidstvo hledat inteligentn\u00ed \u017eivot mimo na\u0161i atmosf\u00e9ru.<\/p>\n\n\n\n<p>Druh\u00e1 p\u0159edn\u00e1\u0161ka: \u201e<strong>Z\u00e1klady astrodynamiky \u2013 slo\u017eit\u011bj\u0161\u00ed p\u0159echodov\u00e9 dr\u00e1hy<\/strong>\u201c p\u0159edn\u00e1\u0161ej\u00edc\u00ed: Michal M\u00e1lek<\/p>\n\n\n\n<h2>11. sch\u016fzka<\/h2>\n\n\n\n<p>Se konala 26. \u0159\u00edjna 2022<\/p>\n\n\n\n<p>Prvn\u00ed p\u0159edn\u00e1\u0161ka: \u201e<strong>Za m\u011bs\u00edc na M\u011bs\u00edc aneb v\u0161echno co jste (ne)cht\u011bli v\u011bd\u011bt o SLS (Senate\/Slow\/Space Lunch System)<\/strong>\u201c p\u0159edn\u00e1\u0161ej\u00edc\u00ed: Petr Blaschke<\/p>\n\n\n\n<p>Druh\u00e1 p\u0159edn\u00e1\u0161ka: \u201e<strong>Z\u00e1klady astrodynamiky \u2013 Bileptick\u00e1 p\u0159echodov\u00e1 dr\u00e1ha<\/strong>,\u201c p\u0159edn\u00e1\u0161ej\u00edc\u00ed: Michal M\u00e1lek<\/p>\n\n\n\n<h2>10. sch\u016fzka<\/h2>\n\n\n\n<p>Se konala 29. z\u00e1\u0159\u00ed 2022.<\/p>\n\n\n\n<p>Prvn\u00ed p\u0159edn\u00e1\u0161ka: \u201e<strong>Dob\u00fdv\u00e1n\u00ed \u0161est\u00e9ho kontinentu<\/strong>\u201c p\u0159edn\u00e1\u0161ej\u00edc\u00ed: Petr Blaschke<\/p>\n\n\n\n<p>Na\u0161\u00ed p\u0159irozen\u00e9 ob\u011b\u017enici, M\u011bs\u00edci, se n\u011bkdy p\u0159ezd\u00edv\u00e1 \u201e\u0161est\u00fd kontinent\u201c (a\u010dkoliv Zem\u011b m\u00e1 5 kontinent\u016f jenom pokud Evropu a Asii po\u010d\u00edt\u00e1te dohromady stejn\u011b jako ob\u011b Ameriky). Mise Artemis americk\u00e9 NASA si d\u00e1v\u00e1 za \u00fakol \u201edopravit prvn\u00ed \u017eenu a dal\u0161\u00edho mu\u017ee\u201c pr\u00e1v\u011b na toto m\u00edsto. V\u00fdprava bude st\u00e1t mnoho miliard dolar\u016f, lid\u00e9 p\u0159i n\u00ed mohou p\u0159ij\u00edt o \u017eivot nemus\u00ed se ani zda\u0159it. M\u00e1&nbsp;tento podnik v\u016fbec smyl nebo jen ukojuje lidskou pot\u0159ebu dob\u00fdv\u00e1n\u00ed vzd\u00e1len\u00fdch nehostinn\u00fdch krajin? V t\u00e9to p\u0159edn\u00e1\u0161ce porovn\u00e1me lety na M\u011bs\u00edc s v\u00fdpravami na geografick\u00e9 p\u00f3ly z po\u010d\u00e1tku dvac\u00e1t\u00e9ho stolet\u00ed a uk\u00e1\u017eeme, \u017ee maj\u00ed p\u0159ekvapiv\u011b mnoho spole\u010dn\u00e9ho. Co n\u00e1m m\u016f\u017ee historie dob\u00fdv\u00e1n\u00ed p\u00f3l\u016f prozradit o misi na M\u011bs\u00edc?<\/p>\n\n\n\n<h2>9.sch\u016fzka<\/h2>\n\n\n\n<p>Se konala 29. \u010dervna 2022. Online stream si m\u016f\u017eete prohl\u00e9dnout na kan\u00e1lu Dobr\u00e9 v\u011bd\u011bt:&nbsp;<a href=\"https:\/\/www.youtube.com\/watch?v=3TGRewSuKqk\">https:\/\/www.youtube.com\/watch?v=3TGRewSuKqk<\/a>.<\/p>\n\n\n\n<p>Prvn\u00ed p\u0159edn\u00e1\u0161ka: \u201e<strong>Sn\u011bn\u00ed o Rud\u00e9 planet\u011b<\/strong>,\u201c p\u0159edn\u00e1\u0161ej\u00edc\u00ed: Martin Blaschke<\/p>\n\n\n\n<p>Na konci 19. stolet\u00ed panovala v\u0161eobecn\u011b p\u0159ij\u00edman\u00e1 domn\u011bnka, \u017ee na Marsu je p\u0159\u00edtomen \u017eivot a to i ve form\u011b inteligentn\u00ed civilizace schopn\u00e9 budovat velkolep\u00e9 monument\u00e1ln\u00ed stavby takov\u00e9 velikosti, \u017ee je dokonce mo\u017eno je spat\u0159it za pomoc\u00ed pozemsk\u00fdch dalekohled\u016f. Fascinuj\u00edc\u00ed historick\u00e9 pozad\u00ed t\u011bchto objev\u016f n\u00e1m dokumentuje souboj v\u011bdeck\u00e9 metody se sny a p\u0159edstavami, kter\u00e9 se necht\u011bj\u00ed vzd\u00e1t bez boje ani nyn\u00ed, na za\u010d\u00e1tku stolet\u00ed jednadvac\u00e1t\u00e9ho.<\/p>\n\n\n\n<p>Druh\u00e1 p\u0159edn\u00e1\u0161ka: \u201e<strong>Z\u00e1klady astrodynamiky \u2013 rozbor telemetrie startu Space X, mo\u017en\u00e9 rozlu\u0161t\u011bn\u00ed?<\/strong>,\u201c p\u0159edn\u00e1\u0161ej\u00edc\u00ed: Michal M\u00e1lek<\/p>\n\n\n\n<h2>8. sch\u016fzka<\/h2>\n\n\n\n<p>Se konala 25. kv\u011btna 2022. Online stream si m\u016f\u017eete prohl\u00e9dnout na kan\u00e1lu Dobr\u00e9 v\u011bd\u011bt:&nbsp;<a href=\"https:\/\/www.youtube.com\/watch?v=bqxo4LD3B68\">https:\/\/www.youtube.com\/watch?v=bqxo4LD3B68<\/a><\/p>\n\n\n\n<p>Prvn\u00ed p\u0159edn\u00e1\u0161ka: \u201e<strong>\u017divot ve slune\u010dn\u00ed soustav\u011b<\/strong>,\u201c p\u0159edn\u00e1\u0161ej\u00edc\u00ed: Filip Blaschke<\/p>\n\n\n\n<p>Druh\u00e1 p\u0159edn\u00e1\u0161ka: \u201e<strong>Z\u00e1klady astrodynamiky \u2013 rozbor telemetrie start\u016f Space X<\/strong>,\u201c p\u0159edn\u00e1\u0161ej\u00edc\u00ed: Michal M\u00e1lek<\/p>\n\n\n\n<h2>7. sch\u016fzka<\/h2>\n\n\n\n<p>Se konala 27. dubna 2022, Online stream si m\u016f\u017eete prohl\u00e9dnout na kan\u00e1lu Dobr\u00e9 v\u011bd\u011bt:&nbsp;<a href=\"https:\/\/www.youtube.com\/watch?v=D2tfakyqkK4\">https:\/\/www.youtube.com\/watch?v=D2tfakyqkK4<\/a><\/p>\n\n\n\n<p>Prvn\u00ed p\u0159edn\u00e1\u0161ka: \u201e<strong>Kosmick\u00e1 d\u011bla: Alternativa k raket\u00e1m nebo si z n\u00e1s n\u011bkdo chce vyst\u0159elit?<\/strong>\u201c p\u0159edn\u00e1\u0161ej\u00edc\u00ed: Petr Blaschke<\/p>\n\n\n\n<p>Druh\u00e1 p\u0159edn\u00e1\u0161ka: \u201e<strong>Z\u00e1klady astrodynamiky \u2013 p\u0159echodov\u00e9 orbity<\/strong>,\u201c p\u0159edn\u00e1\u0161ej\u00edc\u00ed: Michal M\u00e1lek<\/p>\n\n\n\n<h2>6.sch\u016fzka<\/h2>\n\n\n\n<p>Se kola 30. b\u0159ezna 2022, Online stream si m\u016f\u017eete prohl\u00e9dnout na kan\u00e1lu Dobr\u00e9 v\u011bd\u011bt:&nbsp;<a href=\"https:\/\/www.youtube.com\/watch?v=7cAdgD1vdO4\">https:\/\/www.youtube.com\/watch?v=7cAdgD1vdO4<\/a><\/p>\n\n\n\n<p>Prvn\u00ed p\u0159edn\u00e1\u0161ka: \u201e<strong>Dob\u00fdv\u00e1n\u00ed Marsu od B do Z<\/strong>,\u201c p\u0159edn\u00e1\u0161ej\u00edc\u00ed Petr Blaschke<\/p>\n\n\n\n<p>Druh\u00e1 p\u0159edn\u00e1\u0161ka: \u201e<strong>Z\u00e1klady astrodynamiky \u2013 sklon dr\u00e1hy a jeho zm\u011bna<\/strong>,\u201c p\u0159edn\u00e1\u0161ej\u00edc\u00ed Michal M\u00e1lek<\/p>\n\n\n\n<h2>5.sch\u016fzka<\/h2>\n\n\n\n<p>Se konala 23. \u00fanora 2022.&nbsp;<\/p>\n\n\n\n<p>Prvn\u00ed p\u0159edn\u00e1\u0161ka: \u201e<strong>Historie gravitace<\/strong>,\u201c p\u0159edn\u00e1\u0161ej\u00edc\u00ed Petr Blaschke<\/p>\n\n\n\n<p>Druh\u00e1 p\u0159edn\u00e1\u0161ka: \u201e<strong>Z\u00e1klady astrodynamiky<\/strong>,\u201c p\u0159edn\u00e1\u0161ej\u00edc\u00ed Michal M\u00e1lek<\/p>\n\n\n\n<h2>4. Sch\u016fzka<\/h2>\n\n\n\n<p>Se konala 26. ledna 2022.<\/p>\n","protected":false},"excerpt":{"rendered":"<p>12. sch\u016fzka Se konala 30. listopadu 2022 Prvn\u00ed p\u0159edn\u00e1\u0161ka: \u201eVzd\u00e1len\u00e1 setk\u00e1n\u00ed nult\u00e9ho druhu\u201c p\u0159edn\u00e1\u0161ej\u00edc\u00ed Filip Blaschke Hled\u00e1n\u00ed technosignatur uvnit\u0159 i vn\u011b Slune\u010dn\u00ed soustavy. Pr\u016flet objektu \u201aOumuamua 1I\/2017 U1 Slune\u010dn\u00ed soustavou zapo\u010dal novou \u00e9ru astronomie: na stran\u011b t\u00e9 konven\u010dn\u00ed znamenal vykopnut\u00fd<\/p>\n","protected":false},"author":2,"featured_media":0,"parent":297,"menu_order":0,"comment_status":"closed","ping_status":"closed","template":"","meta":[],"_links":{"self":[{"href":"https:\/\/www.marssociety.cz\/index.php?rest_route=\/wp\/v2\/pages\/561"}],"collection":[{"href":"https:\/\/www.marssociety.cz\/index.php?rest_route=\/wp\/v2\/pages"}],"about":[{"href":"https:\/\/www.marssociety.cz\/index.php?rest_route=\/wp\/v2\/types\/page"}],"author":[{"embeddable":true,"href":"https:\/\/www.marssociety.cz\/index.php?rest_route=\/wp\/v2\/users\/2"}],"replies":[{"embeddable":true,"href":"https:\/\/www.marssociety.cz\/index.php?rest_route=%2Fwp%2Fv2%2Fcomments&post=561"}],"version-history":[{"count":1,"href":"https:\/\/www.marssociety.cz\/index.php?rest_route=\/wp\/v2\/pages\/561\/revisions"}],"predecessor-version":[{"id":562,"href":"https:\/\/www.marssociety.cz\/index.php?rest_route=\/wp\/v2\/pages\/561\/revisions\/562"}],"up":[{"embeddable":true,"href":"https:\/\/www.marssociety.cz\/index.php?rest_route=\/wp\/v2\/pages\/297"}],"wp:attachment":[{"href":"https:\/\/www.marssociety.cz\/index.php?rest_route=%2Fwp%2Fv2%2Fmedia&parent=561"}],"curies":[{"name":"wp","href":"https:\/\/api.w.org\/{rel}","templated":true}]}}